{"id":476,"date":"2023-09-03T15:48:14","date_gmt":"2023-09-03T15:48:14","guid":{"rendered":"https:\/\/grigny.chronosetkairos.org\/?page_id=476"},"modified":"2023-12-17T12:34:41","modified_gmt":"2023-12-17T12:34:41","slug":"le-colectif","status":"publish","type":"page","link":"https:\/\/grigny.chronosetkairos.org\/index.php\/le-colectif\/","title":{"rendered":"Le collectif"},"content":{"rendered":"\n<div class=\"wp-block-stackable-heading stk-block-heading stk-block-heading--v2 stk-block stk-20f78b9\" id=\"strong-le-collectif-chronos-amp-kairos-strong\" data-block-id=\"20f78b9\"><style>.stk-20f78b9{margin-bottom:0px !important}<\/style><h5 class=\"stk-block-heading__text\"><strong>Le collectif Chronos&amp;Kairos<\/strong><\/h5><\/div>\n\n\n\n<p>En 2015, une dizaine de professionnels des m\u00e9dias se sont r\u00e9unis pour cr\u00e9er l\u2019association Chronos&amp;Kairos dans le but de permettre \u00e0 des personnes \u00e9loign\u00e9es des m\u00e9dias de s\u2019emparer des outils du journalisme et de la cr\u00e9ation documentaire pour raconter le monde qui les entoure.<\/p>\n\n\n\n<p>Mais de qui parle-t-on si l\u2019on s\u2019adresse aux \u00ab personnes \u00e9loign\u00e9es des m\u00e9dias \u00bb ? Pour nous, cela regroupe celles et ceux que l\u2019on n\u2019a pas l\u2019habitude d\u2019entendre dans les m\u00e9dias traditionnels.<\/p>\n\n\n\n<p>Par exemple les jeunes, que l\u2019on retrouve dans les coll\u00e8ges, les lyc\u00e9es, les centres sociaux ou de formation ; mais aussi les adultes en situation de pr\u00e9carit\u00e9, isol\u00e9es, ou qui viennent d\u2019arriver en France. Nos intervenant\u00b7es se rendent aussi dans les milieux ferm\u00e9s, comme les h\u00f4pitaux psychiatriques, les Ehpad ou encore les prisons. En r\u00e9sum\u00e9, nous allons vers toutes les personnes qui n\u2019ont pas l\u2019habitude de prendre la parole dans l\u2019espace public.<\/p>\n\n\n\n<p>Nous pensons qu\u2019il est important que ces citoyens s\u2019emparent des m\u00e9dias pour transmettre d\u2019autres r\u00e9cits, d\u2019autres r\u00e9alit\u00e9s que celles que l\u2019on a l\u2019habitude d\u2019entendre. C\u2019est pourquoi en ateliers, nous laissons les participant\u00b7es choisir leurs sujets, en partant de leurs r\u00e9flexions et pr\u00e9occupations. NousCes m\u00e9dias cr\u00e9\u00e9s par les habitants des quartiers populaires et des campagnes ont un int\u00e9r\u00eat pour le public, car ils participent au pluralisme de l\u2019information.<\/p>\n\n\n\n<div class=\"wp-block-stackable-heading stk-block-heading stk-block-heading--v2 stk-block stk-86e41a2\" id=\"strong-la-residence-de-journalisme-a-grigny-2023-2025-strong\" data-block-id=\"86e41a2\"><style>.stk-86e41a2{min-height:0px !important;padding-top:0px !important;padding-right:0px !important;padding-bottom:0px !important;padding-left:0px !important;margin-top:34px !important;margin-bottom:0px !important}<\/style><h5 class=\"stk-block-heading__text\"><strong>La r\u00e9sidence de journalisme \u00e0 Grigny 2023-2025<\/strong><\/h5><\/div>\n\n\n\n<p>Depuis janvier 2023, nous avons la chance de travailler ici \u00e0 Grigny, avec vous, gr\u00e2ce au soutien de la DRAC Ile-de-France dans le cadre d\u2019une r\u00e9sidence de journalisme. Ce format de r\u00e9sidence <\/p>\n\n\n\n<p>Ce format de r\u00e9sidence nous permet de proposer \u00e0 diff\u00e9rents groupes d\u2019habitants d\u2019un m\u00eame territoire de s\u2019initier au journalisme et au documentaire en utilisant plusieurs m\u00e9dias\u00a0: la radio, la vid\u00e9o, la presse \u00e9crite, la photographie ou encore le dessin de presse.<\/p>\n\n\n\n<p>Notre v\u0153u, \u00e0 terme, c\u2019est que ces ateliers d\u2019\u00e9ducation aux m\u00e9dias que nous proposerons aux habitant\u00b7es et aux structures partenaires de la ville pendant ces 3 ans vont donner l\u2019impulsion n\u00e9cessaire \u00e0 la cr\u00e9ation de de m\u00e9dias citoyens p\u00e9rennes.<\/p>\n\n\n\n<div class=\"wp-block-stackable-heading stk-block-heading stk-block-heading--v2 stk-block stk-65c417d\" id=\"strong-premiere-annee-de-residence-2023-nbsp-strong\" data-block-id=\"65c417d\"><style>.stk-65c417d{margin-top:34px !important;margin-bottom:0px !important}<\/style><h5 class=\"stk-block-heading__text\"><strong>Premi\u00e8re ann\u00e9e de r\u00e9sidence (2023)&nbsp;<\/strong><\/h5><\/div>\n\n\n\n<p>Plus de 120 habitant\u00b7es se sont initi\u00e9s aux m\u00e9dias dans le cadre de nos ateliers<\/p>\n\n\n\n<p>4 \u00e9missions de radio enregistr\u00e9es<\/p>\n\n\n\n<p>5 productions vid\u00e9o r\u00e9alis\u00e9es<\/p>\n\n\n\n<p>1 exposition photographique<\/p>\n\n\n\n<p>1 exposition de dessin<\/p>\n","protected":false},"excerpt":{"rendered":"<p>Le collectif Chronos&amp;Kairos En 2015, une dizaine de professionnels des m\u00e9dias se sont r\u00e9unis pour cr\u00e9er l\u2019association Chronos&amp;Kairos dans le but de permettre \u00e0 des personnes \u00e9loign\u00e9es des m\u00e9dias de s\u2019emparer des outils du journalisme et de la cr\u00e9ation documentaire pour raconter le monde qui les entoure. Mais de qui parle-t-on si l\u2019on s\u2019adresse aux [&hellip;]<\/p>\n","protected":false},"author":1,"featured_media":0,"parent":0,"menu_order":0,"comment_status":"closed","ping_status":"closed","template":"","meta":{"cybocfi_hide_featured_image":"","footnotes":""},"class_list":["post-476","page","type-page","status-publish","hentry"],"_links":{"self":[{"href":"https:\/\/grigny.chronosetkairos.org\/index.php\/wp-json\/wp\/v2\/pages\/476","targetHints":{"allow":["GET"]}}],"collection":[{"href":"https:\/\/grigny.chronosetkairos.org\/index.php\/wp-json\/wp\/v2\/pages"}],"about":[{"href":"https:\/\/grigny.chronosetkairos.org\/index.php\/wp-json\/wp\/v2\/types\/page"}],"author":[{"embeddable":true,"href":"https:\/\/grigny.chronosetkairos.org\/index.php\/wp-json\/wp\/v2\/users\/1"}],"replies":[{"embeddable":true,"href":"https:\/\/grigny.chronosetkairos.org\/index.php\/wp-json\/wp\/v2\/comments?post=476"}],"version-history":[{"count":10,"href":"https:\/\/grigny.chronosetkairos.org\/index.php\/wp-json\/wp\/v2\/pages\/476\/revisions"}],"predecessor-version":[{"id":1098,"href":"https:\/\/grigny.chronosetkairos.org\/index.php\/wp-json\/wp\/v2\/pages\/476\/revisions\/1098"}],"wp:attachment":[{"href":"https:\/\/grigny.chronosetkairos.org\/index.php\/wp-json\/wp\/v2\/media?parent=476"}],"curies":[{"name":"wp","href":"https:\/\/api.w.org\/{rel}","templated":true}]}}